{"id":269,"date":"2021-07-07T15:33:49","date_gmt":"2021-07-07T13:33:49","guid":{"rendered":"https:\/\/www.viadenta.com\/home\/"},"modified":"2021-07-08T16:22:11","modified_gmt":"2021-07-08T14:22:11","slug":"home","status":"publish","type":"page","link":"https:\/\/www.viadenta.com\/en\/","title":{"rendered":"Home"},"content":{"rendered":"","protected":false},"excerpt":{"rendered":"","protected":false},"author":1,"featured_media":0,"parent":0,"menu_order":1,"comment_status":"closed","ping_status":"open","template":"page-home.php","meta":[],"acf":[],"yoast_head":"<!-- This site is optimized with the Yoast SEO plugin v18.4.1 - https:\/\/yoast.com\/wordpress\/plugins\/seo\/ -->\n<title>Via Denta &ndash; Festsitzender Zahnersatz mit kompromissloser Qualit\u00e4t.<\/title>\n<meta name=\"description\" content=\"Menschen im Blick. Perfektion im Mund. Festsitzender Zahnersatz mit kompromissloser Qualit\u00e4t f\u00fcr h\u00f6chste Anspr\u00fcche.\" \/>\n<meta name=\"robots\" content=\"index, follow, max-snippet:-1, max-image-preview:large, max-video-preview:-1\" \/>\n<link rel=\"canonical\" href=\"https:\/\/www.viadenta.com\/en\/\" \/>\n<meta property=\"og:locale\" content=\"en_US\" \/>\n<meta property=\"og:type\" content=\"article\" \/>\n<meta property=\"og:title\" content=\"Via Denta &ndash; Festsitzender Zahnersatz mit kompromissloser Qualit\u00e4t.\" \/>\n<meta property=\"og:description\" content=\"Menschen im Blick. Perfektion im Mund. Festsitzender Zahnersatz mit kompromissloser Qualit\u00e4t f\u00fcr h\u00f6chste Anspr\u00fcche.\" \/>\n<meta property=\"og:url\" content=\"https:\/\/www.viadenta.com\/en\/\" \/>\n<meta property=\"og:site_name\" content=\"Via Denta\" \/>\n<meta property=\"article:modified_time\" content=\"2021-07-08T14:22:11+00:00\" \/>\n<meta name=\"twitter:card\" content=\"summary_large_image\" \/>\n<script type=\"application\/ld+json\" class=\"yoast-schema-graph\">{\"@context\":\"https:\/\/schema.org\",\"@graph\":[{\"@type\":\"Organization\",\"@id\":\"https:\/\/www.viadenta.com\/#organization\",\"name\":\"ViaDenta GmbH\",\"url\":\"https:\/\/www.viadenta.com\/\",\"sameAs\":[],\"logo\":{\"@type\":\"ImageObject\",\"@id\":\"https:\/\/www.viadenta.com\/#logo\",\"inLanguage\":\"en-US\",\"url\":\"https:\/\/www.viadenta.com\/wp-content\/uploads\/via-denta_logo.png\",\"contentUrl\":\"https:\/\/www.viadenta.com\/wp-content\/uploads\/via-denta_logo.png\",\"width\":298,\"height\":332,\"caption\":\"ViaDenta GmbH\"},\"image\":{\"@id\":\"https:\/\/www.viadenta.com\/#logo\"}},{\"@type\":\"WebSite\",\"@id\":\"https:\/\/www.viadenta.com\/#website\",\"url\":\"https:\/\/www.viadenta.com\/\",\"name\":\"Via Denta\",\"description\":\"\",\"publisher\":{\"@id\":\"https:\/\/www.viadenta.com\/#organization\"},\"potentialAction\":[{\"@type\":\"SearchAction\",\"target\":{\"@type\":\"EntryPoint\",\"urlTemplate\":\"https:\/\/www.viadenta.com\/?s={search_term_string}\"},\"query-input\":\"required name=search_term_string\"}],\"inLanguage\":\"en-US\"},{\"@type\":\"WebPage\",\"@id\":\"https:\/\/www.viadenta.com\/en\/#webpage\",\"url\":\"https:\/\/www.viadenta.com\/en\/\",\"name\":\"Via Denta &ndash; Festsitzender Zahnersatz mit kompromissloser Qualit\u00e4t.\",\"isPartOf\":{\"@id\":\"https:\/\/www.viadenta.com\/#website\"},\"datePublished\":\"2021-07-07T13:33:49+00:00\",\"dateModified\":\"2021-07-08T14:22:11+00:00\",\"description\":\"Menschen im Blick. Perfektion im Mund. Festsitzender Zahnersatz mit kompromissloser Qualit\u00e4t f\u00fcr h\u00f6chste Anspr\u00fcche.\",\"breadcrumb\":{\"@id\":\"https:\/\/www.viadenta.com\/en\/#breadcrumb\"},\"inLanguage\":\"en-US\",\"potentialAction\":[{\"@type\":\"ReadAction\",\"target\":[\"https:\/\/www.viadenta.com\/en\/\"]}]},{\"@type\":\"BreadcrumbList\",\"@id\":\"https:\/\/www.viadenta.com\/en\/#breadcrumb\",\"itemListElement\":[{\"@type\":\"ListItem\",\"position\":1,\"name\":\"Startseite\",\"item\":\"https:\/\/www.viadenta.com\/en\/\"},{\"@type\":\"ListItem\",\"position\":2,\"name\":\"Home\"}]}]}<\/script>\n<!-- \/ Yoast SEO plugin. -->","yoast_head_json":{"title":"Via Denta &ndash; Festsitzender Zahnersatz mit kompromissloser Qualit\u00e4t.","description":"Menschen im Blick. Perfektion im Mund. Festsitzender Zahnersatz mit kompromissloser Qualit\u00e4t f\u00fcr h\u00f6chste Anspr\u00fcche.","robots":{"index":"index","follow":"follow","max-snippet":"max-snippet:-1","max-image-preview":"max-image-preview:large","max-video-preview":"max-video-preview:-1"},"canonical":"https:\/\/www.viadenta.com\/en\/","og_locale":"en_US","og_type":"article","og_title":"Via Denta &ndash; Festsitzender Zahnersatz mit kompromissloser Qualit\u00e4t.","og_description":"Menschen im Blick. Perfektion im Mund. Festsitzender Zahnersatz mit kompromissloser Qualit\u00e4t f\u00fcr h\u00f6chste Anspr\u00fcche.","og_url":"https:\/\/www.viadenta.com\/en\/","og_site_name":"Via Denta","article_modified_time":"2021-07-08T14:22:11+00:00","twitter_card":"summary_large_image","schema":{"@context":"https:\/\/schema.org","@graph":[{"@type":"Organization","@id":"https:\/\/www.viadenta.com\/#organization","name":"ViaDenta GmbH","url":"https:\/\/www.viadenta.com\/","sameAs":[],"logo":{"@type":"ImageObject","@id":"https:\/\/www.viadenta.com\/#logo","inLanguage":"en-US","url":"https:\/\/www.viadenta.com\/wp-content\/uploads\/via-denta_logo.png","contentUrl":"https:\/\/www.viadenta.com\/wp-content\/uploads\/via-denta_logo.png","width":298,"height":332,"caption":"ViaDenta GmbH"},"image":{"@id":"https:\/\/www.viadenta.com\/#logo"}},{"@type":"WebSite","@id":"https:\/\/www.viadenta.com\/#website","url":"https:\/\/www.viadenta.com\/","name":"Via Denta","description":"","publisher":{"@id":"https:\/\/www.viadenta.com\/#organization"},"potentialAction":[{"@type":"SearchAction","target":{"@type":"EntryPoint","urlTemplate":"https:\/\/www.viadenta.com\/?s={search_term_string}"},"query-input":"required name=search_term_string"}],"inLanguage":"en-US"},{"@type":"WebPage","@id":"https:\/\/www.viadenta.com\/en\/#webpage","url":"https:\/\/www.viadenta.com\/en\/","name":"Via Denta &ndash; Festsitzender Zahnersatz mit kompromissloser Qualit\u00e4t.","isPartOf":{"@id":"https:\/\/www.viadenta.com\/#website"},"datePublished":"2021-07-07T13:33:49+00:00","dateModified":"2021-07-08T14:22:11+00:00","description":"Menschen im Blick. Perfektion im Mund. Festsitzender Zahnersatz mit kompromissloser Qualit\u00e4t f\u00fcr h\u00f6chste Anspr\u00fcche.","breadcrumb":{"@id":"https:\/\/www.viadenta.com\/en\/#breadcrumb"},"inLanguage":"en-US","potentialAction":[{"@type":"ReadAction","target":["https:\/\/www.viadenta.com\/en\/"]}]},{"@type":"BreadcrumbList","@id":"https:\/\/www.viadenta.com\/en\/#breadcrumb","itemListElement":[{"@type":"ListItem","position":1,"name":"Startseite","item":"https:\/\/www.viadenta.com\/en\/"},{"@type":"ListItem","position":2,"name":"Home"}]}]}},"_links":{"self":[{"href":"https:\/\/www.viadenta.com\/en\/wp-json\/wp\/v2\/pages\/269"}],"collection":[{"href":"https:\/\/www.viadenta.com\/en\/wp-json\/wp\/v2\/pages"}],"about":[{"href":"https:\/\/www.viadenta.com\/en\/wp-json\/wp\/v2\/types\/page"}],"author":[{"embeddable":true,"href":"https:\/\/www.viadenta.com\/en\/wp-json\/wp\/v2\/users\/1"}],"replies":[{"embeddable":true,"href":"https:\/\/www.viadenta.com\/en\/wp-json\/wp\/v2\/comments?post=269"}],"version-history":[{"count":0,"href":"https:\/\/www.viadenta.com\/en\/wp-json\/wp\/v2\/pages\/269\/revisions"}],"wp:attachment":[{"href":"https:\/\/www.viadenta.com\/en\/wp-json\/wp\/v2\/media?parent=269"}],"curies":[{"name":"wp","href":"https:\/\/api.w.org\/{rel}","templated":true}]}}